{"id":3706,"date":"2022-03-29T17:22:15","date_gmt":"2022-03-29T21:22:15","guid":{"rendered":"https:\/\/srd-annikhearingsolutions.ca\/nos-cliniques\/"},"modified":"2022-10-31T13:03:52","modified_gmt":"2022-10-31T17:03:52","slug":"nos-cliniques","status":"publish","type":"page","link":"https:\/\/annikhearingsolutions.com\/fr\/nos-cliniques\/","title":{"rendered":"Nos cliniques"},"content":{"rendered":"<p><section id=\"bt_bb_section69d2b25417125\" class=\"bt_bb_section bt_bb_color_scheme_6 bt_bb_layout_boxed_1200 bt_bb_vertical_align_top bt_bb_bottom_section_coverage_image bt_bb_section_with_bottom_coverage_image bt_bb_top_spacing_large bt_bb_bottom_spacing_small btCustomHeadlineSection\" style=\"; --section-primary-color:#ffffff; --section-secondary-color:#0b59a9;\" data-bt-override-class=\"{&quot;bt_bb_top_spacing_&quot;:{&quot;current_class&quot;:&quot;bt_bb_top_spacing_large&quot;,&quot;def&quot;:&quot;large&quot;,&quot;xl&quot;:&quot;large&quot;},&quot;bt_bb_bottom_spacing_&quot;:{&quot;current_class&quot;:&quot;bt_bb_bottom_spacing_small&quot;,&quot;def&quot;:&quot;small&quot;,&quot;xl&quot;:&quot;small&quot;}}\"><div class=\"bt_bb_background_image_holder_wrapper\"><div class=\"bt_bb_background_image_holder btLazyLoadBackground bt_bb_parallax\"  data-background_image_src=\"https:\/\/annikhearingsolutions.com\/wp-content\/uploads\/2022\/03\/img-slider-blue-01.jpg\" data-parallax=\"0.6\" data-parallax-offset=\"0\" data-parallax-zoom-start=\"1\" data-parallax-zoom-end=\"1\" data-parallax-blur-start=\"0\" data-parallax-blur-end=\"0\" data-parallax-opacity-start=\"1\" data-parallax-opacity-end=\"1\" style=\" background-image: url(&#039;https:\/\/annikhearingsolutions.com\/wp-content\/plugins\/bold-page-builder\/img\/blank.gif&#039;);\"><\/div><\/div><div class=\"bt_bb_port\"><div class=\"bt_bb_cell\"><div class=\"bt_bb_cell_inner\"><div class=\"bt_bb_row \"  data-bt-override-class=\"{}\"><div class=\"bt_bb_row_holder\" ><div  class=\"bt_bb_column col-xxl-6 col-xl-6 col-xs-12 col-sm-6 col-md-6 col-lg-6 bt_bb_vertical_align_bottom bt_bb_align_left bt_bb_padding_normal\" style=\"; --column-width:6;\" data-width=\"6\" data-bt-override-class=\"{}\"><div class=\"bt_bb_column_content\"><div class=\"bt_bb_column_content_inner\"><div class=\"bt_bb_separator bt_bb_border_style_none bt_bb_bottom_spacing_medium\" data-bt-override-class=\"null\"><\/div><header class=\"bt_bb_headline bt_bb_font_weight_bold bt_bb_dash_none bt_bb_size_huge bt_bb_align_inherit bt_bb_dash_type_none\" data-bt-override-class=\"{}\"><h1 class=\"bt_bb_headline_tag\"><span class=\"bt_bb_headline_content\"><span><em><s>Nos<br \/><br \/>\nCliniques<\/s><\/em><\/span><\/span><\/h1><\/header><div class=\"bt_bb_separator bt_bb_border_style_none bt_bb_bottom_spacing_large\" data-bt-override-class=\"null\"><\/div><\/div><\/div><\/div><div  class=\"bt_bb_column col-xxl-6 col-xl-6 col-xs-12 col-sm-6 col-md-6 col-lg-6 bt_bb_vertical_align_bottom bt_bb_align_center bt_bb_padding_normal bt_bb_animation_fade_in move_up animate\" style=\"position: relative;; --column-width:6;\" data-width=\"6\" data-bt-override-class=\"{}\"><div class=\"bt_bb_column_content\"><div class=\"bt_bb_column_content_inner\"><div class=\"bt_bb_image bt_bb_shape_square bt_bb_target_self bt_bb_align_inherit bt_bb_hover_style_simple bt_bb_content_display_always bt_bb_content_align_middle bt_bb_hidden_xs bt_bb_hidden_ms\" style=\"max-width: 560px;\" data-bt-override-class=\"{&quot;bt_bb_align_&quot;:{&quot;current_class&quot;:&quot;bt_bb_align_inherit&quot;,&quot;def&quot;:&quot;inherit&quot;,&quot;xl&quot;:&quot;inherit&quot;}}\"><span><img fetchpriority=\"high\" decoding=\"async\" width=\"986\" height=\"823\" src=\"https:\/\/annikhearingsolutions.com\/wp-content\/uploads\/2022\/03\/sub-father-son.png\" class=\"attachment-full size-full\" alt=\"https:\/\/annikhearingsolutions.com\/wp-content\/uploads\/2022\/03\/sub-father-son.png\" data-full_image_src=\"https:\/\/annikhearingsolutions.com\/wp-content\/uploads\/2022\/03\/sub-father-son.png\" title=\"sub-father-son\" loading=\"eager\" srcset=\"https:\/\/annikhearingsolutions.com\/wp-content\/uploads\/2022\/03\/sub-father-son.png 986w, https:\/\/annikhearingsolutions.com\/wp-content\/uploads\/2022\/03\/sub-father-son-640x534.png 640w, https:\/\/annikhearingsolutions.com\/wp-content\/uploads\/2022\/03\/sub-father-son-768x641.png 768w, https:\/\/annikhearingsolutions.com\/wp-content\/uploads\/2022\/03\/sub-father-son-320x267.png 320w\" sizes=\"(max-width: 986px) 100vw, 986px\" \/><\/span><\/div><div class=\"bt_bb_floating_image bt_bb_floating_image_horizontal_position_center bt_bb_floating_image_vertical_position_bottom bt_bb_floating_image_animation_delay_default bt_bb_floating_image_animation_duration_default bt_bb_floating_image_animation_style_ease_out\" style=\"max-width: 520px;\" data-speed=\"1.0\"><\/div><\/div><\/div><\/div><\/div><\/div><\/div><!-- cell_inner --><\/div><!-- cell --><\/div><!-- port --><div class=\"bt_bb_section_bottom_section_coverage_image\"><img decoding=\"async\" src=\"https:\/\/annikhearingsolutions.com\/wp-content\/uploads\/2020\/02\/bottom-cover-03.png\" alt=\"bt_bb_section_bottom_section_coverage_image\" \/><\/div><\/section><section id=\"bt_bb_section69d2b2541bb86\" class=\"bt_bb_section bt_bb_layout_boxed_1200 bt_bb_vertical_align_top bt_bb_top_spacing_medium bt_bb_bottom_spacing_medium\"  data-bt-override-class=\"{&quot;bt_bb_top_spacing_&quot;:{&quot;current_class&quot;:&quot;bt_bb_top_spacing_medium&quot;,&quot;def&quot;:&quot;medium&quot;,&quot;xl&quot;:&quot;medium&quot;},&quot;bt_bb_bottom_spacing_&quot;:{&quot;current_class&quot;:&quot;bt_bb_bottom_spacing_medium&quot;,&quot;def&quot;:&quot;medium&quot;,&quot;xl&quot;:&quot;medium&quot;}}\"><div class=\"bt_bb_port\"><div class=\"bt_bb_cell\"><div class=\"bt_bb_cell_inner\"><div class=\"bt_bb_row \"  data-bt-override-class=\"{}\"><div class=\"bt_bb_row_holder\" ><div  class=\"bt_bb_column col-xxl-6 col-xl-6 bt_bb_vertical_align_top bt_bb_align_center bt_bb_padding_normal bt_bb_animation_fade_in move_right animate\" style=\"; --column-width:6;\" data-width=\"6\" data-bt-override-class=\"{&quot;bt_bb_align_&quot;:{&quot;current_class&quot;:&quot;bt_bb_align_center&quot;,&quot;def&quot;:&quot;center&quot;,&quot;xl&quot;:&quot;center&quot;},&quot;bt_bb_padding_&quot;:{&quot;current_class&quot;:&quot;bt_bb_padding_normal&quot;,&quot;def&quot;:&quot;normal&quot;,&quot;xl&quot;:&quot;normal&quot;}}\"><div class=\"bt_bb_column_content\"><div class=\"bt_bb_column_content_inner\"><div class=\"bt_bb_leaflet_map bt_bb_map bt_bb_leaflet_map_with_coverage_image\" data-center=\"yes\"><div class=\"bt_bb_map_coverage_image\"><img decoding=\"async\" src=\"https:\/\/annikhearingsolutions.com\/wp-content\/uploads\/2020\/03\/img-covering.png\" alt=\"bt_bb_leaflet_map_coverage_image\" \/><\/div><div class=\"bt_bb_leaflet_map_map bt_bb_map_map\" id=\"map_canvas69d2b2541bec4\" style=\"height:650\"><\/div><div class=\"bt_bb_leaflet_map_location bt_bb_map_location bt_bb_leaflet_map_location_without_content bt_bb_map_location_without_content\"  data-lat=\"45.3138398\" data-lng=\"-75.0874704\" data-icon=\"https:\/\/annikhearingsolutions.com\/wp-content\/uploads\/2022\/03\/pin.png\"><\/div><\/div><script type=\"text\/javascript\">var bt_bb_leaflet_map_canvas69d2b2541bec4_init_finished = false; document.addEventListener(\"readystatechange\", function() { if ( !bt_bb_leaflet_map_canvas69d2b2541bec4_init_finished && ( document.readyState === \"interactive\" || document.readyState === \"complete\" ) ) { if ( typeof( bt_bb_leaflet_init ) !== typeof(Function) ) { return false; }bt_bb_leaflet_init( \"map_canvas69d2b2541bec4\", 15, 15, 1,\"\",1,1 );bt_bb_leaflet_map_canvas69d2b2541bec4_init_finished = true; };}, false);<\/script><div class=\"bt_bb_separator bt_bb_border_style_none bt_bb_top_spacing_normal bt_bb_bottom_spacing_none\" data-bt-override-class=\"{&quot;bt_bb_top_spacing_&quot;:{&quot;current_class&quot;:&quot;bt_bb_top_spacing_normal&quot;,&quot;def&quot;:&quot;normal&quot;,&quot;xl&quot;:&quot;normal&quot;},&quot;bt_bb_bottom_spacing_&quot;:{&quot;current_class&quot;:&quot;bt_bb_bottom_spacing_none&quot;,&quot;def&quot;:&quot;none&quot;,&quot;xl&quot;:&quot;none&quot;}}\"><\/div><\/div><\/div><\/div><div  class=\"bt_bb_column col-xxl-6 col-xl-6 bt_bb_vertical_align_top bt_bb_align_left bt_bb_padding_normal bt_bb_animation_fade_in animate\" style=\"; --column-width:6;\" data-width=\"6\" data-bt-override-class=\"{&quot;bt_bb_align_&quot;:{&quot;current_class&quot;:&quot;bt_bb_align_left&quot;,&quot;def&quot;:&quot;left&quot;,&quot;xl&quot;:&quot;left&quot;},&quot;bt_bb_padding_&quot;:{&quot;current_class&quot;:&quot;bt_bb_padding_normal&quot;,&quot;def&quot;:&quot;normal&quot;,&quot;xl&quot;:&quot;normal&quot;}}\"><div class=\"bt_bb_column_content\"><div class=\"bt_bb_column_content_inner\"><header class=\"bt_bb_headline bt_bb_font_weight_normal bt_bb_dash_none bt_bb_size_inherit bt_bb_align_inherit bt_bb_dash_type_none\" data-bt-override-class=\"{&quot;bt_bb_size_&quot;:{&quot;current_class&quot;:&quot;bt_bb_size_inherit&quot;,&quot;def&quot;:&quot;inherit&quot;,&quot;xl&quot;:&quot;inherit&quot;},&quot;bt_bb_align_&quot;:{&quot;current_class&quot;:&quot;bt_bb_align_inherit&quot;,&quot;def&quot;:&quot;inherit&quot;,&quot;xl&quot;:&quot;inherit&quot;}}\"><h1 class=\"bt_bb_headline_tag\"><span class=\"bt_bb_headline_content\"><span><b>Casselman<\/b><br \/><br \/>\n<\/span><\/span><\/h1><\/header><div class=\"bt_bb_separator bt_bb_border_style_none bt_bb_top_spacing_normal bt_bb_bottom_spacing_none\" data-bt-override-class=\"{&quot;bt_bb_top_spacing_&quot;:{&quot;current_class&quot;:&quot;bt_bb_top_spacing_normal&quot;,&quot;def&quot;:&quot;normal&quot;,&quot;xl&quot;:&quot;normal&quot;},&quot;bt_bb_bottom_spacing_&quot;:{&quot;current_class&quot;:&quot;bt_bb_bottom_spacing_none&quot;,&quot;def&quot;:&quot;none&quot;,&quot;xl&quot;:&quot;none&quot;}}\"><\/div><div  class=\"bt_bb_text\" ><\/p>\n<p>Le bureau chef de Solutions auditives Annik \u00e0 Casselman offre des services \u00e0 la client\u00e8le des environs de Casselman depuis 2013. La clinique est situ\u00e9e au 738 rue Principale, pr\u00e8s de l\u2019\u00e9picerie No Frills.<\/p>\n<p>\n<\/div><div class=\"bt_bb_separator bt_bb_border_style_none bt_bb_top_spacing_normal bt_bb_bottom_spacing_none\" data-bt-override-class=\"{&quot;bt_bb_top_spacing_&quot;:{&quot;current_class&quot;:&quot;bt_bb_top_spacing_normal&quot;,&quot;def&quot;:&quot;normal&quot;,&quot;xl&quot;:&quot;normal&quot;},&quot;bt_bb_bottom_spacing_&quot;:{&quot;current_class&quot;:&quot;bt_bb_bottom_spacing_none&quot;,&quot;def&quot;:&quot;none&quot;,&quot;xl&quot;:&quot;none&quot;}}\"><\/div><div class=\"bt_bb_masonry_image_grid bt_bb_grid_container bt_bb_columns_3 bt_bb_gap_small\" data-columns=\"3\"><div class=\"bt_bb_masonry_post_image_content\" data-columns=\"3\"><div class=\"bt_bb_grid_sizer\"><\/div><div class=\"bt_bb_grid_item bt_bb_tile_format11\" data-hw=\"0.75\" data-src=\"https:\/\/annikhearingsolutions.com\/wp-content\/uploads\/2022\/06\/casselman-bureau-1a.jpg\" data-src-full=\"https:\/\/annikhearingsolutions.com\/wp-content\/uploads\/2022\/06\/casselman-bureau-1a.jpg\" data-title=\"casselman-bureau-1a\"><div class=\"bt_bb_grid_item_inner\" data-hw=\"0.75\" ><div class=\"bt_bb_grid_item_inner_image\"><\/div><div class=\"bt_bb_grid_item_inner_content\"><\/div><\/div><\/div><div class=\"bt_bb_grid_item bt_bb_tile_format11\" data-hw=\"0.75\" data-src=\"https:\/\/annikhearingsolutions.com\/wp-content\/uploads\/2022\/06\/casselman-bureau-2a.jpg\" data-src-full=\"https:\/\/annikhearingsolutions.com\/wp-content\/uploads\/2022\/06\/casselman-bureau-2a.jpg\" data-title=\"casselman-bureau-2a\"><div class=\"bt_bb_grid_item_inner\" data-hw=\"0.75\" ><div class=\"bt_bb_grid_item_inner_image\"><\/div><div class=\"bt_bb_grid_item_inner_content\"><\/div><\/div><\/div><div class=\"bt_bb_grid_item bt_bb_tile_format11\" data-hw=\"0.75\" data-src=\"https:\/\/annikhearingsolutions.com\/wp-content\/uploads\/2022\/06\/casselman-front-1b.jpg\" data-src-full=\"https:\/\/annikhearingsolutions.com\/wp-content\/uploads\/2022\/06\/casselman-front-1b.jpg\" data-title=\"casselman-front-1b\"><div class=\"bt_bb_grid_item_inner\" data-hw=\"0.75\" ><div class=\"bt_bb_grid_item_inner_image\"><\/div><div class=\"bt_bb_grid_item_inner_content\"><\/div><\/div><\/div><div class=\"bt_bb_grid_item bt_bb_tile_format11\" data-hw=\"0.75\" data-src=\"https:\/\/annikhearingsolutions.com\/wp-content\/uploads\/2022\/06\/casselman-front-1c.jpg\" data-src-full=\"https:\/\/annikhearingsolutions.com\/wp-content\/uploads\/2022\/06\/casselman-front-1c.jpg\" data-title=\"casselman-front-1c\"><div class=\"bt_bb_grid_item_inner\" data-hw=\"0.75\" ><div class=\"bt_bb_grid_item_inner_image\"><\/div><div class=\"bt_bb_grid_item_inner_content\"><\/div><\/div><\/div><div class=\"bt_bb_grid_item bt_bb_tile_format11\" data-hw=\"0.52583333333333\" data-src=\"https:\/\/annikhearingsolutions.com\/wp-content\/uploads\/2022\/06\/casselman-reception-1b-1280x673.jpg\" data-src-full=\"https:\/\/annikhearingsolutions.com\/wp-content\/uploads\/2022\/06\/casselman-reception-1b.jpg\" data-title=\"casselman-reception-1b\"><div class=\"bt_bb_grid_item_inner\" data-hw=\"0.52583333333333\" ><div class=\"bt_bb_grid_item_inner_image\"><\/div><div class=\"bt_bb_grid_item_inner_content\"><\/div><\/div><\/div><div class=\"bt_bb_grid_item bt_bb_tile_format11\" data-hw=\"\" data-src=\"\" data-src-full=\"\" data-title=\"\"><div class=\"bt_bb_grid_item_inner\" data-hw=\"\" ><div class=\"bt_bb_grid_item_inner_image\"><\/div><div class=\"bt_bb_grid_item_inner_content\"><\/div><\/div><\/div><\/div><\/div><\/div><\/div><\/div><\/div><\/div><\/div><!-- cell_inner --><\/div><!-- cell --><\/div><!-- port --><\/section><section id=\"bt_bb_section69d2b25420efa\" class=\"bt_bb_section bt_bb_layout_boxed_1200 bt_bb_vertical_align_top bt_bb_top_spacing_ bt_bb_bottom_spacing_medium\"  data-bt-override-class=\"{&quot;bt_bb_top_spacing_&quot;:{&quot;current_class&quot;:&quot;bt_bb_top_spacing_&quot;,&quot;def&quot;:&quot;&quot;,&quot;xl&quot;:&quot;&quot;},&quot;bt_bb_bottom_spacing_&quot;:{&quot;current_class&quot;:&quot;bt_bb_bottom_spacing_medium&quot;,&quot;def&quot;:&quot;medium&quot;,&quot;xl&quot;:&quot;medium&quot;}}\"><div class=\"bt_bb_port\"><div class=\"bt_bb_cell\"><div class=\"bt_bb_cell_inner\"><div class=\"bt_bb_row \"  data-bt-override-class=\"{}\"><div class=\"bt_bb_row_holder\" ><div  class=\"bt_bb_column col-xxl-6 col-xl-6 col-xs-12 col-sm-6 col-md-6 col-lg-6 bt_bb_vertical_align_top bt_bb_align_center bt_bb_padding_normal bt_bb_animation_fade_in move_right animate\" style=\"; --column-width:6;\" data-width=\"6\" data-bt-override-class=\"{&quot;bt_bb_align_&quot;:{&quot;current_class&quot;:&quot;bt_bb_align_center&quot;,&quot;def&quot;:&quot;center&quot;,&quot;xl&quot;:&quot;center&quot;},&quot;bt_bb_padding_&quot;:{&quot;current_class&quot;:&quot;bt_bb_padding_normal&quot;,&quot;def&quot;:&quot;normal&quot;,&quot;xl&quot;:&quot;normal&quot;}}\"><div class=\"bt_bb_column_content\"><div class=\"bt_bb_column_content_inner\"><div class=\"bt_bb_leaflet_map bt_bb_map bt_bb_leaflet_map_with_coverage_image\" data-center=\"yes\"><div class=\"bt_bb_map_coverage_image\"><img decoding=\"async\" src=\"https:\/\/annikhearingsolutions.com\/wp-content\/uploads\/2020\/03\/img-covering.png\" alt=\"bt_bb_leaflet_map_coverage_image\" \/><\/div><div class=\"bt_bb_leaflet_map_map bt_bb_map_map\" id=\"map_canvas69d2b25421087\" style=\"height:650\"><\/div><div class=\"bt_bb_leaflet_map_location bt_bb_map_location bt_bb_leaflet_map_location_without_content bt_bb_map_location_without_content\" style=\"max-width: 400px;\"  data-lat=\"45.5435973\" data-lng=\"-75.2980185\" data-icon=\"https:\/\/annikhearingsolutions.com\/wp-content\/uploads\/2022\/03\/pin.png\"><\/div><\/div><script type=\"text\/javascript\">var bt_bb_leaflet_map_canvas69d2b25421087_init_finished = false; document.addEventListener(\"readystatechange\", function() { if ( !bt_bb_leaflet_map_canvas69d2b25421087_init_finished && ( document.readyState === \"interactive\" || document.readyState === \"complete\" ) ) { if ( typeof( bt_bb_leaflet_init ) !== typeof(Function) ) { return false; }bt_bb_leaflet_init( \"map_canvas69d2b25421087\", 15, 15, 1,\"\",1,1 );bt_bb_leaflet_map_canvas69d2b25421087_init_finished = true; };}, false);<\/script><div class=\"bt_bb_separator bt_bb_border_style_none bt_bb_top_spacing_normal bt_bb_bottom_spacing_none\" data-bt-override-class=\"{&quot;bt_bb_top_spacing_&quot;:{&quot;current_class&quot;:&quot;bt_bb_top_spacing_normal&quot;,&quot;def&quot;:&quot;normal&quot;,&quot;xl&quot;:&quot;normal&quot;},&quot;bt_bb_bottom_spacing_&quot;:{&quot;current_class&quot;:&quot;bt_bb_bottom_spacing_none&quot;,&quot;def&quot;:&quot;none&quot;,&quot;xl&quot;:&quot;none&quot;}}\"><\/div><\/div><\/div><\/div><div  class=\"bt_bb_column col-xxl-6 col-xl-6 col-xs-12 col-sm-6 col-md-6 col-lg-6 bt_bb_vertical_align_middle bt_bb_align_left bt_bb_padding_normal bt_bb_animation_fade_in animate\" style=\"; --column-width:6;\" data-width=\"6\" data-bt-override-class=\"{}\"><div class=\"bt_bb_column_content\"><div class=\"bt_bb_column_content_inner\"><header class=\"bt_bb_headline bt_bb_dash_none bt_bb_size_inherit bt_bb_align_inherit bt_bb_dash_type_none\" data-bt-override-class=\"{&quot;bt_bb_size_&quot;:{&quot;current_class&quot;:&quot;bt_bb_size_inherit&quot;,&quot;def&quot;:&quot;inherit&quot;,&quot;xl&quot;:&quot;inherit&quot;},&quot;bt_bb_align_&quot;:{&quot;current_class&quot;:&quot;bt_bb_align_inherit&quot;,&quot;def&quot;:&quot;inherit&quot;,&quot;xl&quot;:&quot;inherit&quot;}}\"><h1 class=\"bt_bb_headline_tag\"><span class=\"bt_bb_headline_content\"><span><b>Rockland<\/b><br \/><br \/>\n<\/span><\/span><\/h1><\/header><div class=\"bt_bb_separator bt_bb_border_style_none bt_bb_top_spacing_normal bt_bb_bottom_spacing_none\" data-bt-override-class=\"{&quot;bt_bb_top_spacing_&quot;:{&quot;current_class&quot;:&quot;bt_bb_top_spacing_normal&quot;,&quot;def&quot;:&quot;normal&quot;,&quot;xl&quot;:&quot;normal&quot;},&quot;bt_bb_bottom_spacing_&quot;:{&quot;current_class&quot;:&quot;bt_bb_bottom_spacing_none&quot;,&quot;def&quot;:&quot;none&quot;,&quot;xl&quot;:&quot;none&quot;}}\"><\/div><div  class=\"bt_bb_text\" ><\/p>\n<p><span style=\"font-weight: 400;\">Solutions auditives Annik est \u00e0 Rockland depuis 2014.\u00a0 La clinique est tr\u00e8s accessible, situ\u00e9e au 2617 rue Laurier street, pr\u00e8s du<\/span> McDonald&rsquo;s.<\/p>\n<p>\n<\/div><div class=\"bt_bb_separator bt_bb_border_style_none bt_bb_top_spacing_normal bt_bb_bottom_spacing_none\" data-bt-override-class=\"{&quot;bt_bb_top_spacing_&quot;:{&quot;current_class&quot;:&quot;bt_bb_top_spacing_normal&quot;,&quot;def&quot;:&quot;normal&quot;,&quot;xl&quot;:&quot;normal&quot;},&quot;bt_bb_bottom_spacing_&quot;:{&quot;current_class&quot;:&quot;bt_bb_bottom_spacing_none&quot;,&quot;def&quot;:&quot;none&quot;,&quot;xl&quot;:&quot;none&quot;}}\"><\/div><div class=\"bt_bb_masonry_image_grid bt_bb_grid_container bt_bb_columns_3 bt_bb_gap_small\" data-columns=\"3\"><div class=\"bt_bb_masonry_post_image_content\" data-columns=\"3\"><div class=\"bt_bb_grid_sizer\"><\/div><div class=\"bt_bb_grid_item bt_bb_tile_format11\" data-hw=\"0.75\" data-src=\"https:\/\/annikhearingsolutions.com\/wp-content\/uploads\/2022\/06\/rockland-front-1a.jpg\" data-src-full=\"https:\/\/annikhearingsolutions.com\/wp-content\/uploads\/2022\/06\/rockland-front-1a.jpg\" data-title=\"rockland-front-1a\"><div class=\"bt_bb_grid_item_inner\" data-hw=\"0.75\" ><div class=\"bt_bb_grid_item_inner_image\"><\/div><div class=\"bt_bb_grid_item_inner_content\"><\/div><\/div><\/div><div class=\"bt_bb_grid_item bt_bb_tile_format11\" data-hw=\"0.75\" data-src=\"https:\/\/annikhearingsolutions.com\/wp-content\/uploads\/2022\/06\/rockland-reception-1a.jpg\" data-src-full=\"https:\/\/annikhearingsolutions.com\/wp-content\/uploads\/2022\/06\/rockland-reception-1a.jpg\" data-title=\"rockland-reception-1a\"><div class=\"bt_bb_grid_item_inner\" data-hw=\"0.75\" ><div class=\"bt_bb_grid_item_inner_image\"><\/div><div class=\"bt_bb_grid_item_inner_content\"><\/div><\/div><\/div><div class=\"bt_bb_grid_item bt_bb_tile_format11\" data-hw=\"0.75\" data-src=\"https:\/\/annikhearingsolutions.com\/wp-content\/uploads\/2022\/06\/rockland-reception-2a.jpg\" data-src-full=\"https:\/\/annikhearingsolutions.com\/wp-content\/uploads\/2022\/06\/rockland-reception-2a.jpg\" data-title=\"rockland-reception-2a\"><div class=\"bt_bb_grid_item_inner\" data-hw=\"0.75\" ><div class=\"bt_bb_grid_item_inner_image\"><\/div><div class=\"bt_bb_grid_item_inner_content\"><\/div><\/div><\/div><div class=\"bt_bb_grid_item bt_bb_tile_format11\" data-hw=\"0.75\" data-src=\"https:\/\/annikhearingsolutions.com\/wp-content\/uploads\/2022\/06\/rockland-bureau-2a.jpg\" data-src-full=\"https:\/\/annikhearingsolutions.com\/wp-content\/uploads\/2022\/06\/rockland-bureau-2a.jpg\" data-title=\"rockland-bureau-2a\"><div class=\"bt_bb_grid_item_inner\" data-hw=\"0.75\" ><div class=\"bt_bb_grid_item_inner_image\"><\/div><div class=\"bt_bb_grid_item_inner_content\"><\/div><\/div><\/div><div class=\"bt_bb_grid_item bt_bb_tile_format11\" data-hw=\"0.75\" data-src=\"https:\/\/annikhearingsolutions.com\/wp-content\/uploads\/2022\/06\/rockland-bureau-1a.jpg\" data-src-full=\"https:\/\/annikhearingsolutions.com\/wp-content\/uploads\/2022\/06\/rockland-bureau-1a.jpg\" data-title=\"rockland-bureau-1a\"><div class=\"bt_bb_grid_item_inner\" data-hw=\"0.75\" ><div class=\"bt_bb_grid_item_inner_image\"><\/div><div class=\"bt_bb_grid_item_inner_content\"><\/div><\/div><\/div><div class=\"bt_bb_grid_item bt_bb_tile_format11\" data-hw=\"0.33583333333333\" data-src=\"https:\/\/annikhearingsolutions.com\/wp-content\/uploads\/2022\/06\/rockland-reception-1b-1280x430.jpg\" data-src-full=\"https:\/\/annikhearingsolutions.com\/wp-content\/uploads\/2022\/06\/rockland-reception-1b.jpg\" data-title=\"Rockland-reception-1b\"><div class=\"bt_bb_grid_item_inner\" data-hw=\"0.33583333333333\" ><div class=\"bt_bb_grid_item_inner_image\"><\/div><div class=\"bt_bb_grid_item_inner_content\"><\/div><\/div><\/div><\/div><\/div><\/div><\/div><\/div><\/div><\/div><\/div><!-- cell_inner --><\/div><!-- cell --><\/div><!-- port --><\/section><\/p>\n","protected":false},"excerpt":{"rendered":"","protected":false},"author":5,"featured_media":0,"parent":0,"menu_order":0,"comment_status":"closed","ping_status":"closed","template":"","meta":{"inline_featured_image":false,"_monsterinsights_skip_tracking":false,"_monsterinsights_sitenote_active":false,"_monsterinsights_sitenote_note":"","_monsterinsights_sitenote_category":0,"footnotes":""},"class_list":["post-3706","page","type-page","status-publish","hentry"],"aioseo_notices":[],"_links":{"self":[{"href":"https:\/\/annikhearingsolutions.com\/fr\/wp-json\/wp\/v2\/pages\/3706","targetHints":{"allow":["GET"]}}],"collection":[{"href":"https:\/\/annikhearingsolutions.com\/fr\/wp-json\/wp\/v2\/pages"}],"about":[{"href":"https:\/\/annikhearingsolutions.com\/fr\/wp-json\/wp\/v2\/types\/page"}],"author":[{"embeddable":true,"href":"https:\/\/annikhearingsolutions.com\/fr\/wp-json\/wp\/v2\/users\/5"}],"replies":[{"embeddable":true,"href":"https:\/\/annikhearingsolutions.com\/fr\/wp-json\/wp\/v2\/comments?post=3706"}],"version-history":[{"count":0,"href":"https:\/\/annikhearingsolutions.com\/fr\/wp-json\/wp\/v2\/pages\/3706\/revisions"}],"wp:attachment":[{"href":"https:\/\/annikhearingsolutions.com\/fr\/wp-json\/wp\/v2\/media?parent=3706"}],"curies":[{"name":"wp","href":"https:\/\/api.w.org\/{rel}","templated":true}]}}