{"id":3712,"date":"2022-03-29T17:22:45","date_gmt":"2022-03-29T21:22:45","guid":{"rendered":"https:\/\/srd-annikhearingsolutions.ca\/votre-equipe\/"},"modified":"2025-11-21T08:44:51","modified_gmt":"2025-11-21T13:44:51","slug":"votre-equipe","status":"publish","type":"page","link":"https:\/\/annikhearingsolutions.com\/fr\/votre-equipe\/","title":{"rendered":"Votre \u00e9quipe"},"content":{"rendered":"<p><section id=\"bt_bb_section69d58123528e6\" class=\"bt_bb_section bt_bb_color_scheme_6 bt_bb_layout_boxed_1200 bt_bb_vertical_align_top bt_bb_bottom_section_coverage_image bt_bb_section_with_bottom_coverage_image bt_bb_top_spacing_large bt_bb_bottom_spacing_small btCustomHeadlineSection\" style=\"; --section-primary-color:#ffffff; --section-secondary-color:#0b59a9;\" data-bt-override-class=\"{&quot;bt_bb_top_spacing_&quot;:{&quot;current_class&quot;:&quot;bt_bb_top_spacing_large&quot;,&quot;def&quot;:&quot;large&quot;,&quot;xl&quot;:&quot;large&quot;},&quot;bt_bb_bottom_spacing_&quot;:{&quot;current_class&quot;:&quot;bt_bb_bottom_spacing_small&quot;,&quot;def&quot;:&quot;small&quot;,&quot;xl&quot;:&quot;small&quot;}}\"><div class=\"bt_bb_background_image_holder_wrapper\"><div class=\"bt_bb_background_image_holder btLazyLoadBackground bt_bb_parallax\"  data-background_image_src=\"https:\/\/annikhearingsolutions.com\/wp-content\/uploads\/2022\/03\/img-slider-blue-01.jpg\" data-parallax=\"0.6\" data-parallax-offset=\"0\" data-parallax-zoom-start=\"1\" data-parallax-zoom-end=\"1\" data-parallax-blur-start=\"0\" data-parallax-blur-end=\"0\" data-parallax-opacity-start=\"1\" data-parallax-opacity-end=\"1\" style=\" background-image: url(&#039;https:\/\/annikhearingsolutions.com\/wp-content\/plugins\/bold-page-builder\/img\/blank.gif&#039;);\"><\/div><\/div><div class=\"bt_bb_port\"><div class=\"bt_bb_cell\"><div class=\"bt_bb_cell_inner\"><div class=\"bt_bb_row \"  data-bt-override-class=\"{}\"><div class=\"bt_bb_row_holder\" ><div  class=\"bt_bb_column col-xxl-6 col-xl-6 col-xs-12 col-sm-6 col-md-6 col-lg-6 bt_bb_vertical_align_bottom bt_bb_align_left bt_bb_padding_normal\" style=\"; --column-width:6;\" data-width=\"6\" data-bt-override-class=\"{}\"><div class=\"bt_bb_column_content\"><div class=\"bt_bb_column_content_inner\"><div class=\"bt_bb_separator bt_bb_border_style_none bt_bb_bottom_spacing_medium\" data-bt-override-class=\"null\"><\/div><header class=\"bt_bb_headline bt_bb_font_weight_bold bt_bb_dash_none bt_bb_size_huge bt_bb_align_inherit bt_bb_dash_type_none\" data-bt-override-class=\"{}\"><h1 class=\"bt_bb_headline_tag\"><span class=\"bt_bb_headline_content\"><span><em><s>Votre \u00e9quipe<\/s><\/em><\/span><\/span><\/h1><\/header><div class=\"bt_bb_separator bt_bb_border_style_none bt_bb_bottom_spacing_large\" data-bt-override-class=\"null\"><\/div><\/div><\/div><\/div><div  class=\"bt_bb_column col-xxl-6 col-xl-6 col-xs-12 col-sm-6 col-md-6 col-lg-6 bt_bb_vertical_align_bottom bt_bb_align_center bt_bb_padding_normal bt_bb_animation_fade_in move_up animate\" style=\"position: relative;; --column-width:6;\" data-width=\"6\" data-bt-override-class=\"{}\"><div class=\"bt_bb_column_content\"><div class=\"bt_bb_column_content_inner\"><div class=\"bt_bb_image bt_bb_shape_square bt_bb_target_self bt_bb_align_inherit bt_bb_hover_style_simple bt_bb_content_display_always bt_bb_content_align_middle bt_bb_hidden_xs bt_bb_hidden_ms\" style=\"max-width: 560px;\" data-bt-override-class=\"{&quot;bt_bb_align_&quot;:{&quot;current_class&quot;:&quot;bt_bb_align_inherit&quot;,&quot;def&quot;:&quot;inherit&quot;,&quot;xl&quot;:&quot;inherit&quot;}}\"><span><img fetchpriority=\"high\" decoding=\"async\" width=\"986\" height=\"823\" src=\"https:\/\/annikhearingsolutions.com\/wp-content\/uploads\/2022\/03\/sub-father-son.png\" class=\"attachment-full size-full\" alt=\"https:\/\/annikhearingsolutions.com\/wp-content\/uploads\/2022\/03\/sub-father-son.png\" data-full_image_src=\"https:\/\/annikhearingsolutions.com\/wp-content\/uploads\/2022\/03\/sub-father-son.png\" title=\"sub-father-son\" loading=\"eager\" srcset=\"https:\/\/annikhearingsolutions.com\/wp-content\/uploads\/2022\/03\/sub-father-son.png 986w, https:\/\/annikhearingsolutions.com\/wp-content\/uploads\/2022\/03\/sub-father-son-640x534.png 640w, https:\/\/annikhearingsolutions.com\/wp-content\/uploads\/2022\/03\/sub-father-son-768x641.png 768w, https:\/\/annikhearingsolutions.com\/wp-content\/uploads\/2022\/03\/sub-father-son-320x267.png 320w\" sizes=\"(max-width: 986px) 100vw, 986px\" \/><\/span><\/div><div class=\"bt_bb_floating_image bt_bb_floating_image_horizontal_position_center bt_bb_floating_image_vertical_position_bottom bt_bb_floating_image_animation_delay_default bt_bb_floating_image_animation_duration_default bt_bb_floating_image_animation_style_ease_out\" style=\"max-width: 520px;\" data-speed=\"1.0\"><\/div><\/div><\/div><\/div><\/div><\/div><\/div><!-- cell_inner --><\/div><!-- cell --><\/div><!-- port --><div class=\"bt_bb_section_bottom_section_coverage_image\"><img decoding=\"async\" src=\"https:\/\/annikhearingsolutions.com\/wp-content\/uploads\/2020\/02\/bottom-cover-03.png\" alt=\"bt_bb_section_bottom_section_coverage_image\" \/><\/div><\/section><section id=\"bt_bb_section69d5812355255\" class=\"bt_bb_section bt_bb_layout_boxed_1200 bt_bb_vertical_align_top bt_bb_top_spacing_medium bt_bb_bottom_spacing_medium\"  data-bt-override-class=\"{&quot;bt_bb_top_spacing_&quot;:{&quot;current_class&quot;:&quot;bt_bb_top_spacing_medium&quot;,&quot;def&quot;:&quot;medium&quot;,&quot;xl&quot;:&quot;medium&quot;},&quot;bt_bb_bottom_spacing_&quot;:{&quot;current_class&quot;:&quot;bt_bb_bottom_spacing_medium&quot;,&quot;def&quot;:&quot;medium&quot;,&quot;xl&quot;:&quot;medium&quot;}}\"><div class=\"bt_bb_port\"><div class=\"bt_bb_cell\"><div class=\"bt_bb_cell_inner\"><div class=\"bt_bb_row \"  data-bt-override-class=\"{}\"><div class=\"bt_bb_row_holder\" ><div  class=\"bt_bb_column col-xxl-4 col-xl-4 bt_bb_vertical_align_top bt_bb_align_center bt_bb_padding_text_indent bt_bb_animation_fade_in move_up animate\" style=\"; --column-width:4;\" data-width=\"4\" data-bt-override-class=\"{}\"><div class=\"bt_bb_column_content\"><div class=\"bt_bb_column_content_inner\"><div class=\"bt_bb_image bt_bb_shape_square bt_bb_target_self bt_bb_align_inherit bt_bb_hover_style_simple bt_bb_content_display_always bt_bb_content_align_middle\" style=\"max-width: 250px;\" data-bt-override-class=\"{&quot;bt_bb_align_&quot;:{&quot;current_class&quot;:&quot;bt_bb_align_inherit&quot;,&quot;def&quot;:&quot;inherit&quot;,&quot;xl&quot;:&quot;inherit&quot;}}\"><span><img loading=\"lazy\" decoding=\"async\" width=\"859\" height=\"859\" src=\"https:\/\/annikhearingsolutions.com\/wp-content\/uploads\/2022\/06\/team-annik.jpg\" class=\"attachment-full size-full\" alt=\"Annik Lavigne\" data-full_image_src=\"https:\/\/annikhearingsolutions.com\/wp-content\/uploads\/2022\/06\/team-annik.jpg\" title=\"team-annik\" srcset=\"https:\/\/annikhearingsolutions.com\/wp-content\/uploads\/2022\/06\/team-annik.jpg 859w, https:\/\/annikhearingsolutions.com\/wp-content\/uploads\/2022\/06\/team-annik-640x640.jpg 640w, https:\/\/annikhearingsolutions.com\/wp-content\/uploads\/2022\/06\/team-annik-160x160.jpg 160w, https:\/\/annikhearingsolutions.com\/wp-content\/uploads\/2022\/06\/team-annik-768x768.jpg 768w, https:\/\/annikhearingsolutions.com\/wp-content\/uploads\/2022\/06\/team-annik-320x320.jpg 320w\" sizes=\"auto, (max-width: 859px) 100vw, 859px\" \/><\/span><\/div><div class=\"bt_bb_separator bt_bb_border_style_none bt_bb_bottom_spacing_small\" data-bt-override-class=\"null\"><\/div><header class=\"bt_bb_headline bt_bb_color_scheme_17 bt_bb_dash_none bt_bb_size_normal bt_bb_align_inherit bt_bb_dash_type_none\" style=\"; --primary-color:#333c4a; --secondary-color:#0b59a9;\" data-bt-override-class=\"{&quot;bt_bb_size_&quot;:{&quot;current_class&quot;:&quot;bt_bb_size_normal&quot;,&quot;def&quot;:&quot;normal&quot;,&quot;xl&quot;:&quot;normal&quot;},&quot;bt_bb_align_&quot;:{&quot;current_class&quot;:&quot;bt_bb_align_inherit&quot;,&quot;def&quot;:&quot;inherit&quot;,&quot;xl&quot;:&quot;inherit&quot;}}\"><h2 class=\"bt_bb_headline_tag\"><span class=\"bt_bb_headline_content\"><span><b>Annik Lavigne<\/b><\/span><\/span><\/h2><\/header><header class=\"bt_bb_headline bt_bb_color_scheme_17 bt_bb_dash_none bt_bb_subheadline bt_bb_size_inherit bt_bb_align_inherit bt_bb_dash_type_none\" style=\"; --primary-color:#333c4a; --secondary-color:#0b59a9;\" data-bt-override-class=\"{&quot;bt_bb_size_&quot;:{&quot;current_class&quot;:&quot;bt_bb_size_inherit&quot;,&quot;def&quot;:&quot;inherit&quot;,&quot;xl&quot;:&quot;inherit&quot;},&quot;bt_bb_align_&quot;:{&quot;current_class&quot;:&quot;bt_bb_align_inherit&quot;,&quot;def&quot;:&quot;inherit&quot;,&quot;xl&quot;:&quot;inherit&quot;}}\"><div class=\"bt_bb_headline_subheadline\">PROPRI\u00c9TAIRE,<br \/><br \/>\nAUDIOLOGISTE R\u00c9GLEMENT\u00c9E<br \/><br \/>\nMa\u00eetrise en Audiologie, Universit\u00e9 d\u2019Ottawa, 2002<\/div><\/header><div class=\"bt_bb_separator bt_bb_border_style_none bt_bb_bottom_spacing_small\" data-bt-override-class=\"null\"><\/div><div  class=\"bt_bb_text\" ><\/p>\n<p>\nNative de Prescott-Russell, Annik ressent un attachement profond \u00e0 la communaut\u00e9. C\u2019est cette connexion \u00e0 ses racines qui la motive \u00e0 offrir la meilleure qualit\u00e9 de service \u00e0 la population locale. Annik appr\u00e9cie particuli\u00e8rement l\u2019innovation. Elle aime trouver de nouvelles solutions pour am\u00e9liorer l\u2019audition et la qualit\u00e9 de vie de ses clients. Elle prend plaisir \u00e0 r\u00e9viser des cas complexes. Elle est d\u00e9vou\u00e9e \u00e0 ses clients, mais \u00e0 l\u2019ext\u00e9rieur du travail, elle profite du plein-air et particuli\u00e8rement du camping avec famille et amis.<\/p>\n<p>\n<\/div><div class=\"bt_bb_separator bt_bb_border_style_none bt_bb_bottom_spacing_normal\" data-bt-override-class=\"null\"><\/div><\/div><\/div><\/div><div  class=\"bt_bb_column col-xxl-4 col-xl-4 bt_bb_vertical_align_top bt_bb_align_center bt_bb_padding_text_indent bt_bb_animation_fade_in move_up animate\" style=\"; --column-width:4;\" data-width=\"4\" data-bt-override-class=\"{}\"><div class=\"bt_bb_column_content\"><div class=\"bt_bb_column_content_inner\"><div class=\"bt_bb_image bt_bb_shape_square bt_bb_target_self bt_bb_align_inherit bt_bb_hover_style_simple bt_bb_content_display_always bt_bb_content_align_middle\" style=\"max-width: 250px;\" data-bt-override-class=\"{&quot;bt_bb_align_&quot;:{&quot;current_class&quot;:&quot;bt_bb_align_inherit&quot;,&quot;def&quot;:&quot;inherit&quot;,&quot;xl&quot;:&quot;inherit&quot;}}\"><span><img loading=\"lazy\" decoding=\"async\" width=\"859\" height=\"859\" src=\"https:\/\/annikhearingsolutions.com\/wp-content\/uploads\/2022\/06\/team-joelle.jpg\" class=\"attachment-full size-full\" alt=\"Joelle S\u00e9guin\" data-full_image_src=\"https:\/\/annikhearingsolutions.com\/wp-content\/uploads\/2022\/06\/team-joelle.jpg\" title=\"team-joelle\" srcset=\"https:\/\/annikhearingsolutions.com\/wp-content\/uploads\/2022\/06\/team-joelle.jpg 859w, https:\/\/annikhearingsolutions.com\/wp-content\/uploads\/2022\/06\/team-joelle-640x640.jpg 640w, https:\/\/annikhearingsolutions.com\/wp-content\/uploads\/2022\/06\/team-joelle-160x160.jpg 160w, https:\/\/annikhearingsolutions.com\/wp-content\/uploads\/2022\/06\/team-joelle-768x768.jpg 768w, https:\/\/annikhearingsolutions.com\/wp-content\/uploads\/2022\/06\/team-joelle-320x320.jpg 320w\" sizes=\"auto, (max-width: 859px) 100vw, 859px\" \/><\/span><\/div><div class=\"bt_bb_separator bt_bb_border_style_none bt_bb_bottom_spacing_small\" data-bt-override-class=\"null\"><\/div><header class=\"bt_bb_headline bt_bb_color_scheme_17 bt_bb_dash_none bt_bb_size_normal bt_bb_align_inherit bt_bb_dash_type_none\" style=\"; --primary-color:#333c4a; --secondary-color:#0b59a9;\" data-bt-override-class=\"{&quot;bt_bb_size_&quot;:{&quot;current_class&quot;:&quot;bt_bb_size_normal&quot;,&quot;def&quot;:&quot;normal&quot;,&quot;xl&quot;:&quot;normal&quot;},&quot;bt_bb_align_&quot;:{&quot;current_class&quot;:&quot;bt_bb_align_inherit&quot;,&quot;def&quot;:&quot;inherit&quot;,&quot;xl&quot;:&quot;inherit&quot;}}\"><h2 class=\"bt_bb_headline_tag\"><span class=\"bt_bb_headline_content\"><span><b>Jo\u00eblle S\u00e9guin<\/b><\/span><\/span><\/h2><\/header><header data-bb-version=\"5.5.3\" class=\"bt_bb_headline bt_bb_color_scheme_17 bt_bb_dash_none bt_bb_subheadline bt_bb_size_inherit bt_bb_align_inherit bt_bb_dash_type_none\" style=\"; --primary-color:#333c4a; --secondary-color:#0b59a9;\" data-bt-override-class=\"{&quot;bt_bb_size_&quot;:{&quot;current_class&quot;:&quot;bt_bb_size_inherit&quot;,&quot;def&quot;:&quot;inherit&quot;},&quot;bt_bb_align_&quot;:{&quot;current_class&quot;:&quot;bt_bb_align_inherit&quot;,&quot;def&quot;:&quot;inherit&quot;},&quot;bt_bb_animation_&quot;:{&quot;current_class&quot;:&quot;bt_bb_animation_no_animation&quot;,&quot;def&quot;:&quot;no_animation&quot;}}\"><div class=\"bt_bb_headline_subheadline\">AUDIOLOGISTE R\u00c9GLEMENT\u00c9E<br \/><br \/>\nGESTIONNAIRE CLINIQUE<br \/><br \/>\nMa\u00eetrise en Audiologie, Universit\u00e9 d\u2019Ottawa, 2008<\/div><\/header><div class=\"bt_bb_separator bt_bb_border_style_none bt_bb_bottom_spacing_small\" data-bt-override-class=\"null\"><\/div><div  class=\"bt_bb_text\" ><\/p>\n<p>\nJoelle a entam\u00e9 sa carri\u00e8re en audiologie en Nouvelle-Z\u00e9lande, travaillant dans un h\u00f4pital p\u00e9diatrique et en clinique priv\u00e9e pour trois ans. Elle est retourn\u00e9e \u00e0 sa ville natale de Rockland en 2011 o\u00f9 elle y offre des soins d\u2019audiologie depuis. Elle a joint l\u2019\u00e9quipe d\u2019Annik en 2020, heureuse d\u2019y trouver une approche attentive aux besoins individuels de chaque client. Joelle aime guider les nouveaux clients dans leur processus de prise en charge de leur audition, pour les voir red\u00e9couvrir les joies d\u2019entendre clairement. Hors du travail, Joelle adore les aventures de plein air et les voyages.<\/p>\n<p>\n<\/div><div class=\"bt_bb_separator bt_bb_border_style_none bt_bb_bottom_spacing_normal\" data-bt-override-class=\"null\"><\/div><\/div><\/div><\/div><div  class=\"bt_bb_column col-xxl-4 col-xl-4 bt_bb_vertical_align_top bt_bb_align_center bt_bb_padding_text_indent bt_bb_animation_fade_in move_up animate\" style=\"; --column-width:4;\" data-width=\"4\" data-bt-override-class=\"{}\"><div class=\"bt_bb_column_content\"><div class=\"bt_bb_column_content_inner\"><div class=\"bt_bb_image bt_bb_shape_square bt_bb_target_self bt_bb_align_inherit bt_bb_hover_style_simple bt_bb_content_display_always bt_bb_content_align_middle\" style=\"max-width: 250px;\" data-bt-override-class=\"{&quot;bt_bb_align_&quot;:{&quot;current_class&quot;:&quot;bt_bb_align_inherit&quot;,&quot;def&quot;:&quot;inherit&quot;,&quot;xl&quot;:&quot;inherit&quot;}}\"><span><img loading=\"lazy\" decoding=\"async\" width=\"859\" height=\"859\" src=\"https:\/\/annikhearingsolutions.com\/wp-content\/uploads\/2022\/06\/team-angelica.jpg\" class=\"attachment-full size-full\" alt=\"Angelica Romain\" data-full_image_src=\"https:\/\/annikhearingsolutions.com\/wp-content\/uploads\/2022\/06\/team-angelica.jpg\" title=\"team-angelica\" srcset=\"https:\/\/annikhearingsolutions.com\/wp-content\/uploads\/2022\/06\/team-angelica.jpg 859w, https:\/\/annikhearingsolutions.com\/wp-content\/uploads\/2022\/06\/team-angelica-640x640.jpg 640w, https:\/\/annikhearingsolutions.com\/wp-content\/uploads\/2022\/06\/team-angelica-160x160.jpg 160w, https:\/\/annikhearingsolutions.com\/wp-content\/uploads\/2022\/06\/team-angelica-768x768.jpg 768w, https:\/\/annikhearingsolutions.com\/wp-content\/uploads\/2022\/06\/team-angelica-320x320.jpg 320w\" sizes=\"auto, (max-width: 859px) 100vw, 859px\" \/><\/span><\/div><div class=\"bt_bb_separator bt_bb_border_style_none bt_bb_bottom_spacing_small\" data-bt-override-class=\"null\"><\/div><header class=\"bt_bb_headline bt_bb_color_scheme_17 bt_bb_dash_none bt_bb_size_normal bt_bb_align_inherit bt_bb_dash_type_none\" style=\"; --primary-color:#333c4a; --secondary-color:#0b59a9;\" data-bt-override-class=\"{&quot;bt_bb_size_&quot;:{&quot;current_class&quot;:&quot;bt_bb_size_normal&quot;,&quot;def&quot;:&quot;normal&quot;,&quot;xl&quot;:&quot;normal&quot;},&quot;bt_bb_align_&quot;:{&quot;current_class&quot;:&quot;bt_bb_align_inherit&quot;,&quot;def&quot;:&quot;inherit&quot;,&quot;xl&quot;:&quot;inherit&quot;}}\"><h2 class=\"bt_bb_headline_tag\"><span class=\"bt_bb_headline_content\"><span><b>Ang\u00e9lica Romain<\/b><\/span><\/span><\/h2><\/header><header class=\"bt_bb_headline bt_bb_color_scheme_17 bt_bb_dash_none bt_bb_subheadline bt_bb_size_inherit bt_bb_align_inherit bt_bb_dash_type_none\" style=\"; --primary-color:#333c4a; --secondary-color:#0b59a9;\" data-bt-override-class=\"{&quot;bt_bb_size_&quot;:{&quot;current_class&quot;:&quot;bt_bb_size_inherit&quot;,&quot;def&quot;:&quot;inherit&quot;,&quot;xl&quot;:&quot;inherit&quot;},&quot;bt_bb_align_&quot;:{&quot;current_class&quot;:&quot;bt_bb_align_inherit&quot;,&quot;def&quot;:&quot;inherit&quot;,&quot;xl&quot;:&quot;inherit&quot;}}\"><div class=\"bt_bb_headline_subheadline\">AUDIOLOGISTE R\u00c9GLEMENT\u00c9E<br \/><br \/>\nMa\u00eetrise en Audiologie, Universit\u00e9 d\u2019Ottawa, 2019<\/div><\/header><div class=\"bt_bb_separator bt_bb_border_style_none bt_bb_bottom_spacing_small\" data-bt-override-class=\"null\"><\/div><div  class=\"bt_bb_text\" ><\/p>\n<p>\nAng\u00e9lica a compl\u00e9t\u00e9 son dernier stage d\u2019\u00e9tudes avec Annik et a eu le bonheur d\u2019aider les communaut\u00e9s de Rockland et Casselman depuis sa graduation. Ang\u00e9lica aime apprendre \u00e0 conna\u00eetre les nouveaux clients. Elle tient \u00e0 les mettre \u00e0 l\u2019aise et les rendre confortables \u00e0 poser leurs questions, afin de trouver ensemble les meilleures solutions pour leur perte auditive et leur style de vie.<\/p>\n<p>\n<\/div><div class=\"bt_bb_separator bt_bb_border_style_none bt_bb_bottom_spacing_normal\" data-bt-override-class=\"null\"><\/div><\/div><\/div><\/div><\/div><\/div><div class=\"bt_bb_row \"  data-bt-override-class=\"{}\"><div class=\"bt_bb_row_holder\" ><div  class=\"bt_bb_column col-xxl-4 col-xl-4 bt_bb_vertical_align_top bt_bb_align_center bt_bb_padding_text_indent bt_bb_animation_fade_in move_up animate\" style=\"; --column-width:4;\" data-width=\"4\" data-bt-override-class=\"{}\"><div class=\"bt_bb_column_content\"><div class=\"bt_bb_column_content_inner\"><div data-bb-version=\"4.5.6\" class=\"bt_bb_image bt_bb_shape_square bt_bb_target_self bt_bb_align_inherit bt_bb_hover_style_simple bt_bb_content_display_always bt_bb_content_align_middle\" style=\"max-width: 250px;\" data-bt-override-class=\"{&quot;bt_bb_align_&quot;:{&quot;current_class&quot;:&quot;bt_bb_align_inherit&quot;,&quot;def&quot;:&quot;inherit&quot;}}\"><span><img loading=\"lazy\" decoding=\"async\" width=\"859\" height=\"859\" src=\"https:\/\/annikhearingsolutions.com\/wp-content\/uploads\/2023\/06\/natasha-bellemare.jpg\" class=\"attachment-full size-full\" alt=\"Receptionniste Rockland\" data-full_image_src=\"https:\/\/annikhearingsolutions.com\/wp-content\/uploads\/2023\/06\/natasha-bellemare.jpg\" title=\"natasha-bellemare\" srcset=\"https:\/\/annikhearingsolutions.com\/wp-content\/uploads\/2023\/06\/natasha-bellemare.jpg 859w, https:\/\/annikhearingsolutions.com\/wp-content\/uploads\/2023\/06\/natasha-bellemare-640x640.jpg 640w, https:\/\/annikhearingsolutions.com\/wp-content\/uploads\/2023\/06\/natasha-bellemare-160x160.jpg 160w, https:\/\/annikhearingsolutions.com\/wp-content\/uploads\/2023\/06\/natasha-bellemare-768x768.jpg 768w, https:\/\/annikhearingsolutions.com\/wp-content\/uploads\/2023\/06\/natasha-bellemare-320x320.jpg 320w\" sizes=\"auto, (max-width: 859px) 100vw, 859px\" \/><\/span><\/div><div class=\"bt_bb_separator bt_bb_border_style_none bt_bb_bottom_spacing_small\" data-bt-override-class=\"null\"><\/div><header data-bb-version=\"4.5.6\" class=\"bt_bb_headline bt_bb_subheadline_text_transform_default bt_bb_color_scheme_17 bt_bb_dash_none bt_bb_size_normal bt_bb_align_inherit bt_bb_dash_type_none\" style=\"; --primary-color:#333c4a; --secondary-color:#0b59a9;\" data-bt-override-class=\"{&quot;bt_bb_size_&quot;:{&quot;current_class&quot;:&quot;bt_bb_size_normal&quot;,&quot;def&quot;:&quot;normal&quot;},&quot;bt_bb_align_&quot;:{&quot;current_class&quot;:&quot;bt_bb_align_inherit&quot;,&quot;def&quot;:&quot;inherit&quot;}}\"><h2 class=\"bt_bb_headline_tag\"><span class=\"bt_bb_headline_content\"><span><b>Natasha Bellemare<\/b><\/span><\/span><\/h2><\/header><div class=\"bt_bb_separator bt_bb_border_style_none bt_bb_bottom_spacing_small\" data-bt-override-class=\"null\"><\/div><div  class=\"bt_bb_text\" ><\/p>\n<p>\nG\u00c9RANTE ADMINISTRATIVE \u2013 ROCKLAND<\/p>\n<p>Natasha a joint l\u2019\u00e9quipe en 2021 et accueille les clients \u00e0 Rockland. Elle aime l\u2019atmosph\u00e8re vibrante de la communaut\u00e9 et est heureuse d\u2019offrir un service local pour ces soins de sant\u00e9 importants. \u00c0 l\u2019ext\u00e9rieur du travail, <span class=\"il\">Natasha<\/span> aime \u00eatre \u00e0 l&rsquo;ext\u00e9rieur, en VTT et en camping avec la famille et les amis.<\/p>\n<p>\n<\/div><div class=\"bt_bb_separator bt_bb_border_style_none bt_bb_bottom_spacing_normal\" data-bt-override-class=\"null\"><\/div><\/div><\/div><\/div><div  class=\"bt_bb_column col-xxl-4 col-xl-4 bt_bb_vertical_align_top bt_bb_align_center bt_bb_padding_text_indent bt_bb_animation_fade_in move_up animate\" style=\"; --column-width:4;\" data-width=\"4\" data-bt-override-class=\"{}\"><div class=\"bt_bb_column_content\"><div class=\"bt_bb_column_content_inner\"><div data-bb-version=\"4.7.9\" class=\"bt_bb_image bt_bb_shape_square bt_bb_target_self bt_bb_align_inherit bt_bb_hover_style_simple bt_bb_content_display_always bt_bb_content_align_middle\" style=\"max-width: 250px;\" data-bt-override-class=\"{&quot;bt_bb_align_&quot;:{&quot;current_class&quot;:&quot;bt_bb_align_inherit&quot;,&quot;def&quot;:&quot;inherit&quot;},&quot;bt_bb_content_display_&quot;:{&quot;current_class&quot;:&quot;bt_bb_content_display_always&quot;,&quot;def&quot;:&quot;always&quot;}}\"><span><img loading=\"lazy\" decoding=\"async\" width=\"859\" height=\"859\" src=\"https:\/\/annikhearingsolutions.com\/wp-content\/uploads\/2024\/01\/tanya-dube.png\" class=\"attachment-full size-full\" alt=\"https:\/\/annikhearingsolutions.com\/wp-content\/uploads\/2024\/01\/tanya-dube.png\" data-full_image_src=\"https:\/\/annikhearingsolutions.com\/wp-content\/uploads\/2024\/01\/tanya-dube.png\" title=\"tanya-dube\" srcset=\"https:\/\/annikhearingsolutions.com\/wp-content\/uploads\/2024\/01\/tanya-dube.png 859w, https:\/\/annikhearingsolutions.com\/wp-content\/uploads\/2024\/01\/tanya-dube-640x640.png 640w, https:\/\/annikhearingsolutions.com\/wp-content\/uploads\/2024\/01\/tanya-dube-160x160.png 160w, https:\/\/annikhearingsolutions.com\/wp-content\/uploads\/2024\/01\/tanya-dube-768x768.png 768w, https:\/\/annikhearingsolutions.com\/wp-content\/uploads\/2024\/01\/tanya-dube-320x320.png 320w\" sizes=\"auto, (max-width: 859px) 100vw, 859px\" \/><\/span><\/div><div class=\"bt_bb_separator bt_bb_border_style_none bt_bb_bottom_spacing_small\" data-bt-override-class=\"null\"><\/div><header data-bb-version=\"5.2.5\" class=\"bt_bb_headline bt_bb_color_scheme_17 bt_bb_dash_none bt_bb_size_normal bt_bb_align_inherit bt_bb_dash_type_none\" style=\"; --primary-color:#333c4a; --secondary-color:#0b59a9;\" data-bt-override-class=\"{&quot;bt_bb_size_&quot;:{&quot;current_class&quot;:&quot;bt_bb_size_normal&quot;,&quot;def&quot;:&quot;normal&quot;},&quot;bt_bb_align_&quot;:{&quot;current_class&quot;:&quot;bt_bb_align_inherit&quot;,&quot;def&quot;:&quot;inherit&quot;},&quot;bt_bb_animation_&quot;:{&quot;current_class&quot;:&quot;bt_bb_animation_no_animation&quot;,&quot;def&quot;:&quot;no_animation&quot;}}\"><h2 class=\"bt_bb_headline_tag\"><span class=\"bt_bb_headline_content\"><span><b>Tanya Lalonde<\/b><\/span><\/span><\/h2><\/header><div class=\"bt_bb_separator bt_bb_border_style_none bt_bb_bottom_spacing_small\" data-bt-override-class=\"null\"><\/div><div  class=\"bt_bb_text\" ><\/p>\n<p>\nR\u00c9CEPTIONNISTE \u2013 CASSELMAN<\/p>\n<p><span style=\"font-weight: 400;\">Tanya est le visage souriant qui vous accueille \u00e0 la clinique de Casselman clinic depuis 2023. Vous aurez le go\u00fbt d&rsquo;attendre un peu plus longtemps dans notre salle d&rsquo;attente pour finir une bonne conversation avec elle! Tanya appr\u00e9cie la vie locale mais aime beaucoup explorer de nouvelles destinations \u00e0 travers la plan\u00e8te!<\/span><\/p>\n<p>\n<\/div><div class=\"bt_bb_separator bt_bb_border_style_none bt_bb_bottom_spacing_normal\" data-bt-override-class=\"null\"><\/div><\/div><\/div><\/div><div  class=\"bt_bb_column col-xxl-4 col-xl-4 bt_bb_vertical_align_top bt_bb_align_center bt_bb_padding_text_indent bt_bb_animation_fade_in move_up animate\" style=\"; --column-width:4;\" data-width=\"4\" data-bt-override-class=\"{}\"><div class=\"bt_bb_column_content\"><div class=\"bt_bb_column_content_inner\"><\/div><\/div><\/div><\/div><\/div><\/div><!-- cell_inner --><\/div><!-- cell --><\/div><!-- port --><\/section><\/p>\n","protected":false},"excerpt":{"rendered":"","protected":false},"author":5,"featured_media":0,"parent":0,"menu_order":0,"comment_status":"closed","ping_status":"closed","template":"","meta":{"inline_featured_image":false,"_monsterinsights_skip_tracking":false,"_monsterinsights_sitenote_active":false,"_monsterinsights_sitenote_note":"","_monsterinsights_sitenote_category":0,"footnotes":""},"class_list":["post-3712","page","type-page","status-publish","hentry"],"aioseo_notices":[],"_links":{"self":[{"href":"https:\/\/annikhearingsolutions.com\/fr\/wp-json\/wp\/v2\/pages\/3712","targetHints":{"allow":["GET"]}}],"collection":[{"href":"https:\/\/annikhearingsolutions.com\/fr\/wp-json\/wp\/v2\/pages"}],"about":[{"href":"https:\/\/annikhearingsolutions.com\/fr\/wp-json\/wp\/v2\/types\/page"}],"author":[{"embeddable":true,"href":"https:\/\/annikhearingsolutions.com\/fr\/wp-json\/wp\/v2\/users\/5"}],"replies":[{"embeddable":true,"href":"https:\/\/annikhearingsolutions.com\/fr\/wp-json\/wp\/v2\/comments?post=3712"}],"version-history":[{"count":5,"href":"https:\/\/annikhearingsolutions.com\/fr\/wp-json\/wp\/v2\/pages\/3712\/revisions"}],"predecessor-version":[{"id":4527,"href":"https:\/\/annikhearingsolutions.com\/fr\/wp-json\/wp\/v2\/pages\/3712\/revisions\/4527"}],"wp:attachment":[{"href":"https:\/\/annikhearingsolutions.com\/fr\/wp-json\/wp\/v2\/media?parent=3712"}],"curies":[{"name":"wp","href":"https:\/\/api.w.org\/{rel}","templated":true}]}}