{"id":3722,"date":"2022-03-29T22:34:25","date_gmt":"2022-03-30T02:34:25","guid":{"rendered":"https:\/\/srd-annikhearingsolutions.ca\/depistage-auditif-en-ligne\/"},"modified":"2023-06-12T17:18:20","modified_gmt":"2023-06-12T21:18:20","slug":"depistage-auditif-en-ligne","status":"publish","type":"page","link":"https:\/\/annikhearingsolutions.com\/fr\/depistage-auditif-en-ligne\/","title":{"rendered":"D\u00e9pistage auditif en ligne"},"content":{"rendered":"<p><section id=\"bt_bb_section69e273284fb40\" class=\"bt_bb_section bt_bb_color_scheme_6 bt_bb_layout_boxed_1200 bt_bb_vertical_align_top bt_bb_bottom_section_coverage_image bt_bb_section_with_bottom_coverage_image bt_bb_top_spacing_large bt_bb_bottom_spacing_small btCustomHeadlineSection\" style=\"; --section-primary-color:#ffffff; --section-secondary-color:#0b59a9;\" data-bt-override-class=\"{&quot;bt_bb_top_spacing_&quot;:{&quot;current_class&quot;:&quot;bt_bb_top_spacing_large&quot;,&quot;def&quot;:&quot;large&quot;,&quot;xl&quot;:&quot;large&quot;},&quot;bt_bb_bottom_spacing_&quot;:{&quot;current_class&quot;:&quot;bt_bb_bottom_spacing_small&quot;,&quot;def&quot;:&quot;small&quot;,&quot;xl&quot;:&quot;small&quot;}}\"><div class=\"bt_bb_background_image_holder_wrapper\"><div class=\"bt_bb_background_image_holder btLazyLoadBackground bt_bb_parallax\"  data-background_image_src=\"https:\/\/annikhearingsolutions.com\/wp-content\/uploads\/2022\/03\/img-slider-blue-01.jpg\" data-parallax=\"0.6\" data-parallax-offset=\"0\" data-parallax-zoom-start=\"1\" data-parallax-zoom-end=\"1\" data-parallax-blur-start=\"0\" data-parallax-blur-end=\"0\" data-parallax-opacity-start=\"1\" data-parallax-opacity-end=\"1\" style=\" background-image: url(&#039;https:\/\/annikhearingsolutions.com\/wp-content\/plugins\/bold-page-builder\/img\/blank.gif&#039;);\"><\/div><\/div><div class=\"bt_bb_port\"><div class=\"bt_bb_cell\"><div class=\"bt_bb_cell_inner\"><div class=\"bt_bb_row \"  data-bt-override-class=\"{}\"><div class=\"bt_bb_row_holder\" ><div  class=\"bt_bb_column col-xxl-6 col-xl-6 col-xs-12 col-sm-6 col-md-6 col-lg-6 bt_bb_vertical_align_bottom bt_bb_align_left bt_bb_padding_normal\" style=\"; --column-width:6;\" data-width=\"6\" data-bt-override-class=\"{}\"><div class=\"bt_bb_column_content\"><div class=\"bt_bb_column_content_inner\"><div class=\"bt_bb_separator bt_bb_border_style_none bt_bb_bottom_spacing_medium\" data-bt-override-class=\"null\"><\/div><header class=\"bt_bb_headline bt_bb_font_weight_bold bt_bb_dash_none bt_bb_size_huge bt_bb_align_inherit bt_bb_dash_type_none\" data-bt-override-class=\"{&quot;bt_bb_size_&quot;:{&quot;current_class&quot;:&quot;bt_bb_size_huge&quot;,&quot;def&quot;:&quot;huge&quot;,&quot;xl&quot;:&quot;huge&quot;},&quot;bt_bb_align_&quot;:{&quot;current_class&quot;:&quot;bt_bb_align_inherit&quot;,&quot;def&quot;:&quot;inherit&quot;,&quot;xl&quot;:&quot;inherit&quot;}}\"><h1 class=\"bt_bb_headline_tag\"><span class=\"bt_bb_headline_content\"><span><em><s>D\u00e9pistage auditif en ligne<\/s><\/em><\/span><\/span><\/h1><\/header><div class=\"bt_bb_separator bt_bb_border_style_none bt_bb_bottom_spacing_large\" data-bt-override-class=\"null\"><\/div><\/div><\/div><\/div><div  class=\"bt_bb_column col-xxl-6 col-xl-6 col-xs-12 col-sm-6 col-md-6 col-lg-6 bt_bb_vertical_align_bottom bt_bb_align_center bt_bb_padding_normal bt_bb_animation_fade_in move_up animate\" style=\"position: relative;; --column-width:6;\" data-width=\"6\" data-bt-override-class=\"{}\"><div class=\"bt_bb_column_content\"><div class=\"bt_bb_column_content_inner\"><div class=\"bt_bb_image bt_bb_shape_square bt_bb_target_self bt_bb_align_inherit bt_bb_hover_style_simple bt_bb_content_display_always bt_bb_content_align_middle bt_bb_hidden_xs bt_bb_hidden_ms\" style=\"max-width: 560px;\" data-bt-override-class=\"{&quot;bt_bb_align_&quot;:{&quot;current_class&quot;:&quot;bt_bb_align_inherit&quot;,&quot;def&quot;:&quot;inherit&quot;,&quot;xl&quot;:&quot;inherit&quot;}}\"><span><img fetchpriority=\"high\" decoding=\"async\" width=\"986\" height=\"823\" src=\"https:\/\/annikhearingsolutions.com\/wp-content\/uploads\/2022\/03\/sub-couple.png\" class=\"attachment-full size-full\" alt=\"https:\/\/annikhearingsolutions.com\/wp-content\/uploads\/2022\/03\/sub-couple.png\" data-full_image_src=\"https:\/\/annikhearingsolutions.com\/wp-content\/uploads\/2022\/03\/sub-couple.png\" title=\"sub-couple\" loading=\"eager\" srcset=\"https:\/\/annikhearingsolutions.com\/wp-content\/uploads\/2022\/03\/sub-couple.png 986w, https:\/\/annikhearingsolutions.com\/wp-content\/uploads\/2022\/03\/sub-couple-640x534.png 640w, https:\/\/annikhearingsolutions.com\/wp-content\/uploads\/2022\/03\/sub-couple-768x641.png 768w, https:\/\/annikhearingsolutions.com\/wp-content\/uploads\/2022\/03\/sub-couple-320x267.png 320w\" sizes=\"(max-width: 986px) 100vw, 986px\" \/><\/span><\/div><div class=\"bt_bb_floating_image bt_bb_floating_image_horizontal_position_center bt_bb_floating_image_vertical_position_bottom bt_bb_floating_image_animation_delay_default bt_bb_floating_image_animation_duration_default bt_bb_floating_image_animation_style_ease_out\" style=\"max-width: 520px;\" data-speed=\"1.0\"><\/div><\/div><\/div><\/div><\/div><\/div><\/div><!-- cell_inner --><\/div><!-- cell --><\/div><!-- port --><div class=\"bt_bb_section_bottom_section_coverage_image\"><img decoding=\"async\" src=\"https:\/\/annikhearingsolutions.com\/wp-content\/uploads\/2020\/02\/bottom-cover-03.png\" alt=\"bt_bb_section_bottom_section_coverage_image\" \/><\/div><\/section><section id=\"bt_bb_section69e2732852135\" class=\"bt_bb_section bt_bb_layout_boxed_1200 bt_bb_vertical_align_top bt_bb_top_spacing_medium bt_bb_bottom_spacing_medium\"  data-bt-override-class=\"{&quot;bt_bb_top_spacing_&quot;:{&quot;current_class&quot;:&quot;bt_bb_top_spacing_medium&quot;,&quot;def&quot;:&quot;medium&quot;,&quot;xl&quot;:&quot;medium&quot;},&quot;bt_bb_bottom_spacing_&quot;:{&quot;current_class&quot;:&quot;bt_bb_bottom_spacing_medium&quot;,&quot;def&quot;:&quot;medium&quot;,&quot;xl&quot;:&quot;medium&quot;}}\"><div class=\"bt_bb_port\"><div class=\"bt_bb_cell\"><div class=\"bt_bb_cell_inner\"><div class=\"bt_bb_row \"  data-bt-override-class=\"{}\"><div class=\"bt_bb_row_holder\" ><div  class=\"bt_bb_column col-xxl-6 col-xl-6 bt_bb_vertical_align_top bt_bb_align_right bt_bb_padding_normal bt_bb_animation_fade_in move_right animate\" style=\"; --column-width:6;\" data-width=\"6\" data-bt-override-class=\"{&quot;bt_bb_align_&quot;:{&quot;current_class&quot;:&quot;bt_bb_align_right&quot;,&quot;def&quot;:&quot;right&quot;,&quot;xl&quot;:&quot;right&quot;},&quot;bt_bb_padding_&quot;:{&quot;current_class&quot;:&quot;bt_bb_padding_normal&quot;,&quot;def&quot;:&quot;normal&quot;,&quot;xl&quot;:&quot;normal&quot;}}\"><div class=\"bt_bb_column_content\"><div class=\"bt_bb_column_content_inner\"><div class=\"bt_bb_image bt_bb_shape_square bt_bb_target_self bt_bb_align_inherit bt_bb_hover_style_simple bt_bb_content_display_always bt_bb_content_align_middle\" data-bt-override-class=\"{&quot;bt_bb_align_&quot;:{&quot;current_class&quot;:&quot;bt_bb_align_inherit&quot;,&quot;def&quot;:&quot;inherit&quot;,&quot;xl&quot;:&quot;inherit&quot;}}\"><span><img decoding=\"async\" width=\"702\" height=\"725\" src=\"https:\/\/annikhearingsolutions.com\/wp-content\/uploads\/2022\/04\/online-screener-1.jpg\" class=\"attachment-full size-full\" alt=\"Online Screener\" data-full_image_src=\"https:\/\/annikhearingsolutions.com\/wp-content\/uploads\/2022\/04\/online-screener-1.jpg\" title=\"online-screener\" loading=\"eager\" srcset=\"https:\/\/annikhearingsolutions.com\/wp-content\/uploads\/2022\/04\/online-screener-1.jpg 702w, https:\/\/annikhearingsolutions.com\/wp-content\/uploads\/2022\/04\/online-screener-1-640x661.jpg 640w, https:\/\/annikhearingsolutions.com\/wp-content\/uploads\/2022\/04\/online-screener-1-320x330.jpg 320w\" sizes=\"(max-width: 702px) 100vw, 702px\" \/><\/span><\/div><div class=\"bt_bb_separator bt_bb_border_style_none bt_bb_top_spacing_medium bt_bb_bottom_spacing_normal bt_bb_hidden_sm bt_bb_hidden_md bt_bb_hidden_lg\" data-bt-override-class=\"{&quot;bt_bb_top_spacing_&quot;:{&quot;current_class&quot;:&quot;bt_bb_top_spacing_medium&quot;,&quot;def&quot;:&quot;medium&quot;,&quot;xl&quot;:&quot;medium&quot;},&quot;bt_bb_bottom_spacing_&quot;:{&quot;current_class&quot;:&quot;bt_bb_bottom_spacing_normal&quot;,&quot;def&quot;:&quot;normal&quot;,&quot;xl&quot;:&quot;normal&quot;}}\"><\/div><\/div><\/div><\/div><div  class=\"bt_bb_column col-xxl-6 col-xl-6 bt_bb_vertical_align_top bt_bb_align_left bt_bb_padding_normal bt_bb_animation_fade_in animate\" style=\"; --column-width:6;\" data-width=\"6\" data-bt-override-class=\"{&quot;bt_bb_align_&quot;:{&quot;current_class&quot;:&quot;bt_bb_align_left&quot;,&quot;def&quot;:&quot;left&quot;,&quot;xl&quot;:&quot;left&quot;},&quot;bt_bb_padding_&quot;:{&quot;current_class&quot;:&quot;bt_bb_padding_normal&quot;,&quot;def&quot;:&quot;normal&quot;,&quot;xl&quot;:&quot;normal&quot;}}\"><div class=\"bt_bb_column_content\"><div class=\"bt_bb_column_content_inner\"><header class=\"bt_bb_headline bt_bb_dash_none bt_bb_size_inherit bt_bb_align_inherit bt_bb_dash_type_none\" data-bt-override-class=\"{&quot;bt_bb_size_&quot;:{&quot;current_class&quot;:&quot;bt_bb_size_inherit&quot;,&quot;def&quot;:&quot;inherit&quot;,&quot;xl&quot;:&quot;inherit&quot;},&quot;bt_bb_align_&quot;:{&quot;current_class&quot;:&quot;bt_bb_align_inherit&quot;,&quot;def&quot;:&quot;inherit&quot;,&quot;xl&quot;:&quot;inherit&quot;}}\"><h1 class=\"bt_bb_headline_tag\"><span class=\"bt_bb_headline_content\"><span><b>Pas tout \u00e0 fait pr\u00eat(e) pour une \u00e9valuation auditive mais la curiosit\u00e9 est l\u00e0? <\/b><br \/><br \/>\n<\/span><\/span><\/h1><\/header><div class=\"bt_bb_separator bt_bb_border_style_none bt_bb_top_spacing_normal bt_bb_bottom_spacing_none\" data-bt-override-class=\"{&quot;bt_bb_top_spacing_&quot;:{&quot;current_class&quot;:&quot;bt_bb_top_spacing_normal&quot;,&quot;def&quot;:&quot;normal&quot;,&quot;xl&quot;:&quot;normal&quot;},&quot;bt_bb_bottom_spacing_&quot;:{&quot;current_class&quot;:&quot;bt_bb_bottom_spacing_none&quot;,&quot;def&quot;:&quot;none&quot;,&quot;xl&quot;:&quot;none&quot;}}\"><\/div><div  class=\"bt_bb_text\" ><p>Prenez 5 courtes minutes pour faire un d\u00e9pistage auditif en ligne. D\u00e9terminez quelle oreille entend le mieux. Bien qu\u2019il ne s\u2019agisse pas d\u2019un outil diagnostic, ce d\u00e9pistage peut dresser un portrait g\u00e9n\u00e9ral de votre audition.<\/p>\n<\/div><div class=\"bt_bb_separator bt_bb_border_style_none bt_bb_top_spacing_normal bt_bb_bottom_spacing_none\" data-bt-override-class=\"{&quot;bt_bb_top_spacing_&quot;:{&quot;current_class&quot;:&quot;bt_bb_top_spacing_normal&quot;,&quot;def&quot;:&quot;normal&quot;,&quot;xl&quot;:&quot;normal&quot;},&quot;bt_bb_bottom_spacing_&quot;:{&quot;current_class&quot;:&quot;bt_bb_bottom_spacing_none&quot;,&quot;def&quot;:&quot;none&quot;,&quot;xl&quot;:&quot;none&quot;}}\"><\/div><div data-bb-version=\"4.5.6\" class=\"bt_bb_button bt_bb_color_scheme_6 bt_bb_icon_position_left bt_bb_style_filled bt_bb_size_large bt_bb_width_inline bt_bb_shape_inherit bt_bb_target_blank bt_bb_text_transform_inherit bt_bb_align_inherit\" style=\"; --primary-color:#ffffff; --secondary-color:#0b59a9;\" data-bt-override-class=\"{&quot;bt_bb_size_&quot;:{&quot;current_class&quot;:&quot;bt_bb_size_large&quot;,&quot;def&quot;:&quot;large&quot;},&quot;bt_bb_align_&quot;:{&quot;current_class&quot;:&quot;bt_bb_align_inherit&quot;,&quot;def&quot;:&quot;inherit&quot;}}\"><a href=\"https:\/\/hearing-screener.beyondhearing.org\/AnnikHearingSolutions\/a35whn\" target=\"_blank\" class=\"bt_bb_link\" title=\"COMMENCEZ LE D\u00c9PISTAGE AUDITIF\"><span class=\"bt_bb_button_text\" >COMMENCEZ LE D\u00c9PISTAGE AUDITIF<\/span><span  data-ico-fontawesome5solid=\"&#xf054;\" class=\"bt_bb_icon_holder\"><\/span><\/a><\/div><\/div><\/div><\/div><\/div><\/div><\/div><!-- cell_inner --><\/div><!-- cell --><\/div><!-- port --><\/section><\/p>\n","protected":false},"excerpt":{"rendered":"","protected":false},"author":5,"featured_media":3258,"parent":0,"menu_order":0,"comment_status":"closed","ping_status":"closed","template":"","meta":{"inline_featured_image":false,"_monsterinsights_skip_tracking":false,"_monsterinsights_sitenote_active":false,"_monsterinsights_sitenote_note":"","_monsterinsights_sitenote_category":0,"footnotes":""},"class_list":["post-3722","page","type-page","status-publish","has-post-thumbnail","hentry"],"aioseo_notices":[],"_links":{"self":[{"href":"https:\/\/annikhearingsolutions.com\/fr\/wp-json\/wp\/v2\/pages\/3722","targetHints":{"allow":["GET"]}}],"collection":[{"href":"https:\/\/annikhearingsolutions.com\/fr\/wp-json\/wp\/v2\/pages"}],"about":[{"href":"https:\/\/annikhearingsolutions.com\/fr\/wp-json\/wp\/v2\/types\/page"}],"author":[{"embeddable":true,"href":"https:\/\/annikhearingsolutions.com\/fr\/wp-json\/wp\/v2\/users\/5"}],"replies":[{"embeddable":true,"href":"https:\/\/annikhearingsolutions.com\/fr\/wp-json\/wp\/v2\/comments?post=3722"}],"version-history":[{"count":0,"href":"https:\/\/annikhearingsolutions.com\/fr\/wp-json\/wp\/v2\/pages\/3722\/revisions"}],"wp:featuredmedia":[{"embeddable":true,"href":"https:\/\/annikhearingsolutions.com\/fr\/wp-json\/wp\/v2\/media\/3258"}],"wp:attachment":[{"href":"https:\/\/annikhearingsolutions.com\/fr\/wp-json\/wp\/v2\/media?parent=3722"}],"curies":[{"name":"wp","href":"https:\/\/api.w.org\/{rel}","templated":true}]}}