{"id":3749,"date":"2022-05-13T17:44:52","date_gmt":"2022-05-13T21:44:52","guid":{"rendered":"https:\/\/srd-annikhearingsolutions.ca\/visites-aux-residences\/"},"modified":"2022-07-15T13:55:42","modified_gmt":"2022-07-15T17:55:42","slug":"visites-aux-residences","status":"publish","type":"page","link":"https:\/\/annikhearingsolutions.com\/fr\/visites-aux-residences\/","title":{"rendered":"Visites aux r\u00e9sidences"},"content":{"rendered":"<p><section id=\"bt_bb_section69f16407b23d6\" class=\"bt_bb_section bt_bb_color_scheme_6 bt_bb_layout_boxed_1200 bt_bb_vertical_align_top bt_bb_bottom_section_coverage_image bt_bb_section_with_bottom_coverage_image bt_bb_top_spacing_large bt_bb_bottom_spacing_small btCustomHeadlineSection\" style=\"; --section-primary-color:#ffffff; --section-secondary-color:#0b59a9;\" data-bt-override-class=\"{&quot;bt_bb_top_spacing_&quot;:{&quot;current_class&quot;:&quot;bt_bb_top_spacing_large&quot;,&quot;def&quot;:&quot;large&quot;,&quot;xl&quot;:&quot;large&quot;},&quot;bt_bb_bottom_spacing_&quot;:{&quot;current_class&quot;:&quot;bt_bb_bottom_spacing_small&quot;,&quot;def&quot;:&quot;small&quot;,&quot;xl&quot;:&quot;small&quot;}}\"><div class=\"bt_bb_background_image_holder_wrapper\"><div class=\"bt_bb_background_image_holder btLazyLoadBackground bt_bb_parallax\"  data-background_image_src=\"https:\/\/annikhearingsolutions.com\/wp-content\/uploads\/2022\/03\/img-slider-blue-01.jpg\" data-parallax=\"0.6\" data-parallax-offset=\"0\" data-parallax-zoom-start=\"1\" data-parallax-zoom-end=\"1\" data-parallax-blur-start=\"0\" data-parallax-blur-end=\"0\" data-parallax-opacity-start=\"1\" data-parallax-opacity-end=\"1\" style=\" background-image: url(&#039;https:\/\/annikhearingsolutions.com\/wp-content\/plugins\/bold-page-builder\/img\/blank.gif&#039;);\"><\/div><\/div><div class=\"bt_bb_port\"><div class=\"bt_bb_cell\"><div class=\"bt_bb_cell_inner\"><div class=\"bt_bb_row \"  data-bt-override-class=\"{}\"><div class=\"bt_bb_row_holder\" ><div  class=\"bt_bb_column col-xxl-6 col-xl-6 col-xs-12 col-sm-6 col-md-6 col-lg-6 bt_bb_vertical_align_bottom bt_bb_align_left bt_bb_padding_normal\" style=\"; --column-width:6;\" data-width=\"6\" data-bt-override-class=\"{}\"><div class=\"bt_bb_column_content\"><div class=\"bt_bb_column_content_inner\"><div class=\"bt_bb_separator bt_bb_border_style_none bt_bb_bottom_spacing_medium\" data-bt-override-class=\"null\"><\/div><header class=\"bt_bb_headline bt_bb_font_weight_bold bt_bb_dash_none bt_bb_size_huge bt_bb_align_inherit bt_bb_dash_type_none\" data-bt-override-class=\"{&quot;bt_bb_size_&quot;:{&quot;current_class&quot;:&quot;bt_bb_size_huge&quot;,&quot;def&quot;:&quot;huge&quot;,&quot;xl&quot;:&quot;huge&quot;},&quot;bt_bb_align_&quot;:{&quot;current_class&quot;:&quot;bt_bb_align_inherit&quot;,&quot;def&quot;:&quot;inherit&quot;,&quot;xl&quot;:&quot;inherit&quot;}}\"><h1 class=\"bt_bb_headline_tag\"><span class=\"bt_bb_headline_content\"><span><em><s>Visites aux r\u00e9sidences<\/s><\/em><\/span><\/span><\/h1><\/header><div class=\"bt_bb_separator bt_bb_border_style_none bt_bb_bottom_spacing_large\" data-bt-override-class=\"null\"><\/div><\/div><\/div><\/div><div  class=\"bt_bb_column col-xxl-6 col-xl-6 col-xs-12 col-sm-6 col-md-6 col-lg-6 bt_bb_vertical_align_bottom bt_bb_align_center bt_bb_padding_normal bt_bb_animation_fade_in move_up animate\" style=\"position: relative;; --column-width:6;\" data-width=\"6\" data-bt-override-class=\"{}\"><div class=\"bt_bb_column_content\"><div class=\"bt_bb_column_content_inner\"><div class=\"bt_bb_image bt_bb_shape_square bt_bb_target_self bt_bb_align_inherit bt_bb_hover_style_simple bt_bb_content_display_always bt_bb_content_align_middle bt_bb_hidden_xs bt_bb_hidden_ms\" style=\"max-width: 560px;\" data-bt-override-class=\"{&quot;bt_bb_align_&quot;:{&quot;current_class&quot;:&quot;bt_bb_align_inherit&quot;,&quot;def&quot;:&quot;inherit&quot;,&quot;xl&quot;:&quot;inherit&quot;}}\"><span><img fetchpriority=\"high\" decoding=\"async\" width=\"986\" height=\"823\" src=\"https:\/\/annikhearingsolutions.com\/wp-content\/uploads\/2022\/03\/sub-older-couple.png\" class=\"attachment-full size-full\" alt=\"https:\/\/annikhearingsolutions.com\/wp-content\/uploads\/2022\/03\/sub-older-couple.png\" data-full_image_src=\"https:\/\/annikhearingsolutions.com\/wp-content\/uploads\/2022\/03\/sub-older-couple.png\" title=\"sub-older-couple\" loading=\"eager\" srcset=\"https:\/\/annikhearingsolutions.com\/wp-content\/uploads\/2022\/03\/sub-older-couple.png 986w, https:\/\/annikhearingsolutions.com\/wp-content\/uploads\/2022\/03\/sub-older-couple-640x534.png 640w, https:\/\/annikhearingsolutions.com\/wp-content\/uploads\/2022\/03\/sub-older-couple-768x641.png 768w, https:\/\/annikhearingsolutions.com\/wp-content\/uploads\/2022\/03\/sub-older-couple-320x267.png 320w\" sizes=\"(max-width: 986px) 100vw, 986px\" \/><\/span><\/div><div class=\"bt_bb_floating_image bt_bb_floating_image_horizontal_position_center bt_bb_floating_image_vertical_position_bottom bt_bb_floating_image_animation_delay_default bt_bb_floating_image_animation_duration_default bt_bb_floating_image_animation_style_ease_out\" style=\"max-width: 520px;\" data-speed=\"1.0\"><\/div><\/div><\/div><\/div><\/div><\/div><\/div><!-- cell_inner --><\/div><!-- cell --><\/div><!-- port --><div class=\"bt_bb_section_bottom_section_coverage_image\"><img decoding=\"async\" src=\"https:\/\/annikhearingsolutions.com\/wp-content\/uploads\/2020\/02\/bottom-cover-03.png\" alt=\"bt_bb_section_bottom_section_coverage_image\" \/><\/div><\/section><section id=\"bt_bb_section69f16407b8355\" class=\"bt_bb_section bt_bb_layout_boxed_1200 bt_bb_vertical_align_top bt_bb_top_spacing_medium bt_bb_bottom_spacing_medium\"  data-bt-override-class=\"{&quot;bt_bb_top_spacing_&quot;:{&quot;current_class&quot;:&quot;bt_bb_top_spacing_medium&quot;,&quot;def&quot;:&quot;medium&quot;,&quot;xl&quot;:&quot;medium&quot;}}\"><div class=\"bt_bb_port\"><div class=\"bt_bb_cell\"><div class=\"bt_bb_cell_inner\"><div class=\"bt_bb_row \"  data-bt-override-class=\"{}\"><div class=\"bt_bb_row_holder\" ><div  class=\"bt_bb_column col-xxl-6 col-xl-6 bt_bb_vertical_align_bottom bt_bb_align_right bt_bb_padding_normal bt_bb_animation_fade_in move_right animate\" style=\"; --column-width:6;\" data-width=\"6\" data-bt-override-class=\"{&quot;bt_bb_align_&quot;:{&quot;current_class&quot;:&quot;bt_bb_align_right&quot;,&quot;def&quot;:&quot;right&quot;,&quot;xl&quot;:&quot;right&quot;},&quot;bt_bb_padding_&quot;:{&quot;current_class&quot;:&quot;bt_bb_padding_normal&quot;,&quot;def&quot;:&quot;normal&quot;,&quot;xl&quot;:&quot;normal&quot;}}\"><div class=\"bt_bb_column_content\"><div class=\"bt_bb_column_content_inner\"><div class=\"bt_bb_image bt_bb_shape_square bt_bb_target_self bt_bb_align_inherit bt_bb_hover_style_simple bt_bb_content_display_always bt_bb_content_align_middle\" data-bt-override-class=\"{&quot;bt_bb_align_&quot;:{&quot;current_class&quot;:&quot;bt_bb_align_inherit&quot;,&quot;def&quot;:&quot;inherit&quot;,&quot;xl&quot;:&quot;inherit&quot;}}\"><span><img decoding=\"async\" width=\"702\" height=\"725\" src=\"https:\/\/annikhearingsolutions.com\/wp-content\/uploads\/2022\/06\/retirement.jpg\" class=\"attachment-full size-full\" alt=\"Retirement home visits\" data-full_image_src=\"https:\/\/annikhearingsolutions.com\/wp-content\/uploads\/2022\/06\/retirement.jpg\" title=\"retirement\" loading=\"eager\" srcset=\"https:\/\/annikhearingsolutions.com\/wp-content\/uploads\/2022\/06\/retirement.jpg 702w, https:\/\/annikhearingsolutions.com\/wp-content\/uploads\/2022\/06\/retirement-640x661.jpg 640w, https:\/\/annikhearingsolutions.com\/wp-content\/uploads\/2022\/06\/retirement-320x330.jpg 320w\" sizes=\"(max-width: 702px) 100vw, 702px\" \/><\/span><\/div><div class=\"bt_bb_separator bt_bb_border_style_none bt_bb_bottom_spacing_medium\" data-bt-override-class=\"null\"><\/div><\/div><\/div><\/div><div  class=\"bt_bb_column col-xxl-6 col-xl-6 bt_bb_vertical_align_middle bt_bb_align_left bt_bb_padding_normal bt_bb_animation_fade_in animate\" style=\"; --column-width:6;\" data-width=\"6\" data-bt-override-class=\"{}\"><div class=\"bt_bb_column_content\"><div class=\"bt_bb_column_content_inner\"><div  class=\"bt_bb_text\" ><\/p>\n<p>Nous visitons pr\u00e9sentement les r\u00e9sidences suivantes: R\u00e9sidence St-Fran\u00e7ois et Aquatria \u00e0 Casselman, Villa St-Albert \u00e0 St-Albert et Manoir Rockland \u00e0 Clarence-Rockland.<\/p>\n<p>\n<\/div><\/div><\/div><\/div><\/div><\/div><\/div><!-- cell_inner --><\/div><!-- cell --><\/div><!-- port --><\/section><\/p>\n","protected":false},"excerpt":{"rendered":"","protected":false},"author":5,"featured_media":0,"parent":0,"menu_order":0,"comment_status":"closed","ping_status":"closed","template":"","meta":{"inline_featured_image":false,"_monsterinsights_skip_tracking":false,"_monsterinsights_sitenote_active":false,"_monsterinsights_sitenote_note":"","_monsterinsights_sitenote_category":0,"footnotes":""},"class_list":["post-3749","page","type-page","status-publish","hentry"],"aioseo_notices":[],"_links":{"self":[{"href":"https:\/\/annikhearingsolutions.com\/fr\/wp-json\/wp\/v2\/pages\/3749","targetHints":{"allow":["GET"]}}],"collection":[{"href":"https:\/\/annikhearingsolutions.com\/fr\/wp-json\/wp\/v2\/pages"}],"about":[{"href":"https:\/\/annikhearingsolutions.com\/fr\/wp-json\/wp\/v2\/types\/page"}],"author":[{"embeddable":true,"href":"https:\/\/annikhearingsolutions.com\/fr\/wp-json\/wp\/v2\/users\/5"}],"replies":[{"embeddable":true,"href":"https:\/\/annikhearingsolutions.com\/fr\/wp-json\/wp\/v2\/comments?post=3749"}],"version-history":[{"count":0,"href":"https:\/\/annikhearingsolutions.com\/fr\/wp-json\/wp\/v2\/pages\/3749\/revisions"}],"wp:attachment":[{"href":"https:\/\/annikhearingsolutions.com\/fr\/wp-json\/wp\/v2\/media?parent=3749"}],"curies":[{"name":"wp","href":"https:\/\/api.w.org\/{rel}","templated":true}]}}